{"id":9,"date":"2025-11-17T23:34:01","date_gmt":"2025-11-17T23:34:01","guid":{"rendered":"https:\/\/angeliquechauvin.com\/?page_id=9"},"modified":"2025-11-21T09:01:56","modified_gmt":"2025-11-21T09:01:56","slug":"accueil","status":"publish","type":"page","link":"https:\/\/angeliquechauvin.com\/","title":{"rendered":"Accueil"},"content":{"rendered":"\t\t<div data-elementor-type=\"wp-page\" data-elementor-id=\"9\" class=\"elementor elementor-9\" data-elementor-post-type=\"page\">\n\t\t\t\t\t\t<section class=\"elementor-section elementor-top-section elementor-element elementor-element-8be7c20 elementor-section-boxed elementor-section-height-default elementor-section-height-default\" data-id=\"8be7c20\" data-element_type=\"section\">\n\t\t\t\t\t\t<div class=\"elementor-container elementor-column-gap-default\">\n\t\t\t\t\t<div class=\"elementor-column elementor-col-100 elementor-top-column elementor-element elementor-element-a4bdf07\" data-id=\"a4bdf07\" data-element_type=\"column\">\n\t\t\t<div class=\"elementor-widget-wrap elementor-element-populated\">\n\t\t\t\t\t\t<div class=\"elementor-element elementor-element-845210b elementor-widget__width-initial elementor-widget-tablet__width-initial elementor-widget-mobile__width-initial elementor-widget elementor-widget-image\" data-id=\"845210b\" data-element_type=\"widget\" data-widget_type=\"image.default\">\n\t\t\t\t<div class=\"elementor-widget-container\">\n\t\t\t\t\t\t\t\t\t\t\t\t\t\t\t<img fetchpriority=\"high\" decoding=\"async\" width=\"800\" height=\"320\" src=\"https:\/\/angeliquechauvin.com\/wp-content\/uploads\/2025\/11\/logo-ELEMENTAIRE-NOIR-1024x410.png\" class=\"attachment-large size-large wp-image-33\" alt=\"\" srcset=\"https:\/\/angeliquechauvin.com\/wp-content\/uploads\/2025\/11\/logo-ELEMENTAIRE-NOIR-1024x410.png 1024w, https:\/\/angeliquechauvin.com\/wp-content\/uploads\/2025\/11\/logo-ELEMENTAIRE-NOIR-300x120.png 300w, https:\/\/angeliquechauvin.com\/wp-content\/uploads\/2025\/11\/logo-ELEMENTAIRE-NOIR-768x308.png 768w, https:\/\/angeliquechauvin.com\/wp-content\/uploads\/2025\/11\/logo-ELEMENTAIRE-NOIR-1536x615.png 1536w, https:\/\/angeliquechauvin.com\/wp-content\/uploads\/2025\/11\/logo-ELEMENTAIRE-NOIR-2048x820.png 2048w\" sizes=\"(max-width: 800px) 100vw, 800px\" \/>\t\t\t\t\t\t\t\t\t\t\t\t\t\t\t<\/div>\n\t\t\t\t<\/div>\n\t\t\t\t\t<\/div>\n\t\t<\/div>\n\t\t\t\t\t<\/div>\n\t\t<\/section>\n\t\t\t\t<section class=\"elementor-section elementor-top-section elementor-element elementor-element-192a408 elementor-section-boxed elementor-section-height-default elementor-section-height-default\" data-id=\"192a408\" data-element_type=\"section\">\n\t\t\t\t\t\t<div class=\"elementor-container elementor-column-gap-default\">\n\t\t\t\t\t<div class=\"elementor-column elementor-col-100 elementor-top-column elementor-element elementor-element-0500124\" data-id=\"0500124\" data-element_type=\"column\">\n\t\t\t<div class=\"elementor-widget-wrap elementor-element-populated\">\n\t\t\t\t\t\t<div class=\"elementor-element elementor-element-1b15320 elementor-widget elementor-widget-text-editor\" data-id=\"1b15320\" data-element_type=\"widget\" data-widget_type=\"text-editor.default\">\n\t\t\t\t<div class=\"elementor-widget-container\">\n\t\t\t\t\t\t\t\t\t<div><span style=\"color: #999999; font-family: arial, sans-serif; font-size: large;\"><i>Notre plateforme est en maintenance pour vous offrir une exp\u00e9rience optimis\u00e9e et des contenus enti\u00e8rement repens\u00e9s.<\/i><\/span><\/div><div><span style=\"color: #999999; font-family: arial, sans-serif; font-size: large;\"><i>Pendant ce temps, ELEMENTAIRE reste \u00e0 votre disposition pour tout besoin\u00a0d&rsquo;externalisation de la paie ou toute formation en lien avec la paie et le droit social.<br \/><br \/><\/i><\/span><\/div><div><span style=\"color: #999999; font-family: arial, sans-serif; font-size: large;\"><i>N&rsquo;h\u00e9sitez pas \u00e0 nous contacter au\u00a0 <a href=\"tel:+33 (0)7 71 56 50 67\">+33 (0)7 71 56 50 67<\/a><\/i><\/span><\/div>\t\t\t\t\t\t\t\t<\/div>\n\t\t\t\t<\/div>\n\t\t\t\t\t<\/div>\n\t\t<\/div>\n\t\t\t\t\t<\/div>\n\t\t<\/section>\n\t\t\t\t<section class=\"elementor-section elementor-top-section elementor-element elementor-element-93a0dbc elementor-section-boxed elementor-section-height-default elementor-section-height-default\" data-id=\"93a0dbc\" data-element_type=\"section\">\n\t\t\t\t\t\t<div class=\"elementor-container elementor-column-gap-default\">\n\t\t\t\t\t<div class=\"elementor-column elementor-col-100 elementor-top-column elementor-element elementor-element-73413bd\" data-id=\"73413bd\" data-element_type=\"column\">\n\t\t\t<div class=\"elementor-widget-wrap elementor-element-populated\">\n\t\t\t\t\t\t<div class=\"elementor-element elementor-element-37d8213 elementor-widget-divider--view-line elementor-widget elementor-widget-divider\" data-id=\"37d8213\" data-element_type=\"widget\" data-widget_type=\"divider.default\">\n\t\t\t\t<div class=\"elementor-widget-container\">\n\t\t\t\t\t\t\t<div class=\"elementor-divider\">\n\t\t\t<span class=\"elementor-divider-separator\">\n\t\t\t\t\t\t<\/span>\n\t\t<\/div>\n\t\t\t\t\t\t<\/div>\n\t\t\t\t<\/div>\n\t\t\t\t\t<\/div>\n\t\t<\/div>\n\t\t\t\t\t<\/div>\n\t\t<\/section>\n\t\t\t\t<section class=\"elementor-section elementor-top-section elementor-element elementor-element-67334b8 elementor-section-full_width elementor-section-stretched elementor-section-height-default elementor-section-height-default\" data-id=\"67334b8\" data-element_type=\"section\" data-settings=\"{&quot;stretch_section&quot;:&quot;section-stretched&quot;}\">\n\t\t\t\t\t\t<div class=\"elementor-container elementor-column-gap-default\">\n\t\t\t\t\t<div class=\"elementor-column elementor-col-100 elementor-top-column elementor-element elementor-element-e866e71\" data-id=\"e866e71\" data-element_type=\"column\">\n\t\t\t<div class=\"elementor-widget-wrap elementor-element-populated\">\n\t\t\t\t\t\t<div class=\"elementor-element elementor-element-7e24209 elementor-widget__width-inherit elementor-widget elementor-widget-image\" data-id=\"7e24209\" data-element_type=\"widget\" data-widget_type=\"image.default\">\n\t\t\t\t<div class=\"elementor-widget-container\">\n\t\t\t\t\t\t\t\t\t\t\t\t\t\t\t<img decoding=\"async\" width=\"2560\" height=\"758\" src=\"https:\/\/angeliquechauvin.com\/wp-content\/uploads\/2025\/11\/banner-scaled.jpg\" class=\"attachment-full size-full wp-image-13\" alt=\"\" srcset=\"https:\/\/angeliquechauvin.com\/wp-content\/uploads\/2025\/11\/banner-scaled.jpg 2560w, https:\/\/angeliquechauvin.com\/wp-content\/uploads\/2025\/11\/banner-300x89.jpg 300w, https:\/\/angeliquechauvin.com\/wp-content\/uploads\/2025\/11\/banner-1024x303.jpg 1024w, https:\/\/angeliquechauvin.com\/wp-content\/uploads\/2025\/11\/banner-768x227.jpg 768w, https:\/\/angeliquechauvin.com\/wp-content\/uploads\/2025\/11\/banner-1536x455.jpg 1536w, https:\/\/angeliquechauvin.com\/wp-content\/uploads\/2025\/11\/banner-2048x606.jpg 2048w\" sizes=\"(max-width: 2560px) 100vw, 2560px\" \/>\t\t\t\t\t\t\t\t\t\t\t\t\t\t\t<\/div>\n\t\t\t\t<\/div>\n\t\t\t\t\t<\/div>\n\t\t<\/div>\n\t\t\t\t\t<\/div>\n\t\t<\/section>\n\t\t\t\t<\/div>\n\t\t","protected":false},"excerpt":{"rendered":"<p>Notre plateforme est en maintenance pour vous offrir une exp\u00e9rience optimis\u00e9e et des contenus enti\u00e8rement repens\u00e9s.Pendant ce temps, ELEMENTAIRE reste \u00e0 votre disposition pour tout besoin\u00a0d&rsquo;externalisation de la paie ou toute formation en lien avec la paie et le droit social. N&rsquo;h\u00e9sitez pas \u00e0 nous contacter au\u00a0 +33 (0)7 71 56 50 67<\/p>\n","protected":false},"author":1,"featured_media":0,"parent":0,"menu_order":0,"comment_status":"closed","ping_status":"closed","template":"","meta":{"footnotes":""},"class_list":["post-9","page","type-page","status-publish","hentry"],"_links":{"self":[{"href":"https:\/\/angeliquechauvin.com\/index.php\/wp-json\/wp\/v2\/pages\/9","targetHints":{"allow":["GET"]}}],"collection":[{"href":"https:\/\/angeliquechauvin.com\/index.php\/wp-json\/wp\/v2\/pages"}],"about":[{"href":"https:\/\/angeliquechauvin.com\/index.php\/wp-json\/wp\/v2\/types\/page"}],"author":[{"embeddable":true,"href":"https:\/\/angeliquechauvin.com\/index.php\/wp-json\/wp\/v2\/users\/1"}],"replies":[{"embeddable":true,"href":"https:\/\/angeliquechauvin.com\/index.php\/wp-json\/wp\/v2\/comments?post=9"}],"version-history":[{"count":35,"href":"https:\/\/angeliquechauvin.com\/index.php\/wp-json\/wp\/v2\/pages\/9\/revisions"}],"predecessor-version":[{"id":68,"href":"https:\/\/angeliquechauvin.com\/index.php\/wp-json\/wp\/v2\/pages\/9\/revisions\/68"}],"wp:attachment":[{"href":"https:\/\/angeliquechauvin.com\/index.php\/wp-json\/wp\/v2\/media?parent=9"}],"curies":[{"name":"wp","href":"https:\/\/api.w.org\/{rel}","templated":true}]}}